{"id":23,"date":"2018-08-04T10:57:55","date_gmt":"2018-08-04T08:57:55","guid":{"rendered":"http:\/\/fattoriaanticocolle.it\/?page_id=23"},"modified":"2019-04-24T15:47:08","modified_gmt":"2019-04-24T13:47:08","slug":"lanostrastoria","status":"publish","type":"page","link":"http:\/\/www.fattoriaanticocolle.it\/index.php\/lanostrastoria\/","title":{"rendered":"La nostra storia"},"content":{"rendered":"<h2>La fattoria&nbsp;<\/h2>\n<p>La Fattoria Antico Colle nasce nel 2006 come cooperativa agricola dalla <strong>spiccata vocazione in ambito sociale<\/strong>. Nei terreni dell\u2019Antico Colle infatti i <strong>ragazzi del CTE<\/strong>, centro di riabilitazione per persone con disagio intellettivo, <strong>coltivano ortaggi e accudiscono animali<\/strong>. La fattoria Antico Colle, ora confluita nell\u2019azienda Torri srl, si trova nelle colline del Valdarno fiorentino in una splendida posizione paesaggistica, ha a disposizione 17 ettari occupati in parte da uno splendido bosco e in parte destinati alla coltivazione di cereali, ortaggi, olivi, e all\u2019allevamento di diversi tipi di animali.<\/p>\n<p><strong>La fattoria Antico Colle offre ai gruppi scolastici la possibilit\u00e0 di vedere e conoscere gli animali<\/strong> che alleva e di sperimentare alcuni delle attivit\u00e0 tipiche del mondo rurale. I percorsi di visita degli animali sono di facile fruibilit\u00e0 e allestiti con pannelli illustrativi sulle abitudini e sulle curiosit\u00e0 delle diverse specie. All\u2019Antico Colle si possono vedere animali tipici del territorio ma anche specie particolari come le mucche Highlander, i maialini vietnamiti, il pavone bianco capaci di stimolare la curiosit\u00e0 dei nostri giovani ospiti.<\/p>\n<p>I laboratori didattici dell\u2019Antico Colle sono normalmente condotti da un operatore e da un ragazzo del CTE: in questo modo l\u2019esperienza formativa si arricchisce anche di un valore sociale. I laboratori proposti spaziano dalla conoscenza degli animali a quella del ciclo biologico delle piante, dai processi di trasformazione delle materie prime ad esperienze sensoriali e coinvolgenti come la vasca tattile e il battesimo della sella, svolto grazie alla collaborazione della vicina <a href=\"http:\/\/www.polisportivablu.it\">Polisportiva Blu<\/a>.<\/p>\n","protected":false},"excerpt":{"rendered":"<p>La fattoria&nbsp; La Fattoria Antico Colle nasce nel 2006 come cooperativa agricola dalla spiccata vocazione in ambito sociale. Nei terreni dell\u2019Antico Colle infatti i ragazzi del CTE, centro di riabilitazione per persone con disagio intellettivo, coltivano ortaggi e accudiscono animali. La fattoria Antico Colle, ora confluita nell\u2019azienda Torri srl, si [&hellip;]<\/p>\n","protected":false},"author":1,"featured_media":402,"parent":0,"menu_order":2,"comment_status":"closed","ping_status":"closed","template":"","meta":{"ngg_post_thumbnail":0},"yoast_head":"<!-- This site is optimized with the Yoast SEO plugin v16.5 - https:\/\/yoast.com\/wordpress\/plugins\/seo\/ -->\n<title>La nostra storia - Fattoria Antico Colle<\/title>\n<meta name=\"robots\" content=\"index, follow, max-snippet:-1, max-image-preview:large, max-video-preview:-1\" \/>\n<link rel=\"canonical\" href=\"http:\/\/www.fattoriaanticocolle.it\/index.php\/lanostrastoria\/\" \/>\n<meta property=\"og:locale\" content=\"it_IT\" \/>\n<meta property=\"og:type\" content=\"article\" \/>\n<meta property=\"og:title\" content=\"La nostra storia - Fattoria Antico Colle\" \/>\n<meta property=\"og:description\" content=\"La fattoria&nbsp; La Fattoria Antico Colle nasce nel 2006 come cooperativa agricola dalla spiccata vocazione in ambito sociale. Nei terreni dell\u2019Antico Colle infatti i ragazzi del CTE, centro di riabilitazione per persone con disagio intellettivo, coltivano ortaggi e accudiscono animali. La fattoria Antico Colle, ora confluita nell\u2019azienda Torri srl, si [&hellip;]\" \/>\n<meta property=\"og:url\" content=\"http:\/\/www.fattoriaanticocolle.it\/index.php\/lanostrastoria\/\" \/>\n<meta property=\"og:site_name\" content=\"Fattoria Antico Colle\" \/>\n<meta property=\"article:modified_time\" content=\"2019-04-24T13:47:08+00:00\" \/>\n<meta property=\"og:image\" content=\"http:\/\/www.fattoriaanticocolle.it\/wp-content\/uploads\/2018\/08\/headerSitoChiSiamo.jpg\" \/>\n\t<meta property=\"og:image:width\" content=\"2000\" \/>\n\t<meta property=\"og:image:height\" content=\"1150\" \/>\n<meta name=\"twitter:card\" content=\"summary_large_image\" \/>\n<meta name=\"twitter:label1\" content=\"Tempo di lettura stimato\" \/>\n\t<meta name=\"twitter:data1\" content=\"1 minuto\" \/>\n<script type=\"application\/ld+json\" class=\"yoast-schema-graph\">{\"@context\":\"https:\/\/schema.org\",\"@graph\":[{\"@type\":\"WebSite\",\"@id\":\"http:\/\/www.fattoriaanticocolle.it\/#website\",\"url\":\"http:\/\/www.fattoriaanticocolle.it\/\",\"name\":\"Fattoria Antico Colle\",\"description\":\"\",\"potentialAction\":[{\"@type\":\"SearchAction\",\"target\":\"http:\/\/www.fattoriaanticocolle.it\/?s={search_term_string}\",\"query-input\":\"required name=search_term_string\"}],\"inLanguage\":\"it-IT\"},{\"@type\":\"ImageObject\",\"@id\":\"http:\/\/www.fattoriaanticocolle.it\/index.php\/lanostrastoria\/#primaryimage\",\"inLanguage\":\"it-IT\",\"url\":\"http:\/\/www.fattoriaanticocolle.it\/wp-content\/uploads\/2018\/08\/headerSitoChiSiamo.jpg\",\"contentUrl\":\"http:\/\/www.fattoriaanticocolle.it\/wp-content\/uploads\/2018\/08\/headerSitoChiSiamo.jpg\",\"width\":2000,\"height\":1150},{\"@type\":\"WebPage\",\"@id\":\"http:\/\/www.fattoriaanticocolle.it\/index.php\/lanostrastoria\/#webpage\",\"url\":\"http:\/\/www.fattoriaanticocolle.it\/index.php\/lanostrastoria\/\",\"name\":\"La nostra storia - Fattoria Antico Colle\",\"isPartOf\":{\"@id\":\"http:\/\/www.fattoriaanticocolle.it\/#website\"},\"primaryImageOfPage\":{\"@id\":\"http:\/\/www.fattoriaanticocolle.it\/index.php\/lanostrastoria\/#primaryimage\"},\"datePublished\":\"2018-08-04T08:57:55+00:00\",\"dateModified\":\"2019-04-24T13:47:08+00:00\",\"breadcrumb\":{\"@id\":\"http:\/\/www.fattoriaanticocolle.it\/index.php\/lanostrastoria\/#breadcrumb\"},\"inLanguage\":\"it-IT\",\"potentialAction\":[{\"@type\":\"ReadAction\",\"target\":[\"http:\/\/www.fattoriaanticocolle.it\/index.php\/lanostrastoria\/\"]}]},{\"@type\":\"BreadcrumbList\",\"@id\":\"http:\/\/www.fattoriaanticocolle.it\/index.php\/lanostrastoria\/#breadcrumb\",\"itemListElement\":[{\"@type\":\"ListItem\",\"position\":1,\"name\":\"Home\",\"item\":\"http:\/\/www.fattoriaanticocolle.it\/\"},{\"@type\":\"ListItem\",\"position\":2,\"name\":\"La nostra storia\"}]}]}<\/script>\n<!-- \/ Yoast SEO plugin. -->","_links":{"self":[{"href":"http:\/\/www.fattoriaanticocolle.it\/index.php\/wp-json\/wp\/v2\/pages\/23"}],"collection":[{"href":"http:\/\/www.fattoriaanticocolle.it\/index.php\/wp-json\/wp\/v2\/pages"}],"about":[{"href":"http:\/\/www.fattoriaanticocolle.it\/index.php\/wp-json\/wp\/v2\/types\/page"}],"author":[{"embeddable":true,"href":"http:\/\/www.fattoriaanticocolle.it\/index.php\/wp-json\/wp\/v2\/users\/1"}],"replies":[{"embeddable":true,"href":"http:\/\/www.fattoriaanticocolle.it\/index.php\/wp-json\/wp\/v2\/comments?post=23"}],"version-history":[{"count":9,"href":"http:\/\/www.fattoriaanticocolle.it\/index.php\/wp-json\/wp\/v2\/pages\/23\/revisions"}],"predecessor-version":[{"id":447,"href":"http:\/\/www.fattoriaanticocolle.it\/index.php\/wp-json\/wp\/v2\/pages\/23\/revisions\/447"}],"wp:featuredmedia":[{"embeddable":true,"href":"http:\/\/www.fattoriaanticocolle.it\/index.php\/wp-json\/wp\/v2\/media\/402"}],"wp:attachment":[{"href":"http:\/\/www.fattoriaanticocolle.it\/index.php\/wp-json\/wp\/v2\/media?parent=23"}],"curies":[{"name":"wp","href":"https:\/\/api.w.org\/{rel}","templated":true}]}}